{"id":7439,"date":"2023-08-03T13:54:09","date_gmt":"2023-08-03T11:54:09","guid":{"rendered":"https:\/\/envoltaenergia.com\/gracias\/"},"modified":"2023-10-31T15:37:59","modified_gmt":"2023-10-31T14:37:59","slug":"gracias","status":"publish","type":"page","link":"https:\/\/envoltaenergia.com\/es\/gracias\/","title":{"rendered":"Gracias"},"content":{"rendered":"\t\t<div data-elementor-type=\"wp-page\" data-elementor-id=\"7439\" class=\"elementor elementor-7439 elementor-7431\" data-elementor-post-type=\"page\">\n\t\t\t\t\t\t<section class=\"elementor-section elementor-top-section elementor-element elementor-element-4c9c550 elementor-section-boxed elementor-section-height-default elementor-section-height-default elementor-invisible\" data-id=\"4c9c550\" data-element_type=\"section\" data-settings=\"{&quot;background_background&quot;:&quot;classic&quot;,&quot;animation&quot;:&quot;fadeInRight&quot;}\">\n\t\t\t\t\t\t\t<div class=\"elementor-background-overlay\"><\/div>\n\t\t\t\t\t\t\t<div class=\"elementor-container elementor-column-gap-default\">\n\t\t\t\t\t<div class=\"elementor-column elementor-col-50 elementor-top-column elementor-element elementor-element-a907aef elementor-invisible\" data-id=\"a907aef\" data-element_type=\"column\" data-settings=\"{&quot;animation&quot;:&quot;slideInRight&quot;,&quot;background_background&quot;:&quot;classic&quot;}\">\n\t\t\t<div class=\"elementor-widget-wrap elementor-element-populated\">\n\t\t\t\t\t<div class=\"elementor-background-overlay\"><\/div>\n\t\t\t\t\t\t<div class=\"elementor-element elementor-element-1d3fb7f elementor-widget elementor-widget-text-editor\" data-id=\"1d3fb7f\" data-element_type=\"widget\" data-widget_type=\"text-editor.default\">\n\t\t\t\t<div class=\"elementor-widget-container\">\n\t\t\t\t\t\t\t\t\t<p><span data-sheets-value=\"{\" data-sheets-userformat=\"{\">FORMULARIO RECIBO<\/span><\/p>\n\t\t\t\t\t\t\t\t<\/div>\n\t\t\t\t<\/div>\n\t\t\t\t<div class=\"elementor-element elementor-element-1dfb1d5 elementor-widget elementor-widget-heading\" data-id=\"1dfb1d5\" data-element_type=\"widget\" data-widget_type=\"heading.default\">\n\t\t\t\t<div class=\"elementor-widget-container\">\n\t\t\t\t\t<h1 class=\"elementor-heading-title elementor-size-default\">Hemos recibido tu solicitud de informaci\u00f3n<\/h1>\t\t\t\t<\/div>\n\t\t\t\t<\/div>\n\t\t\t\t<div class=\"elementor-element elementor-element-cf6daf2 elementor-widget elementor-widget-heading\" data-id=\"cf6daf2\" data-element_type=\"widget\" data-widget_type=\"heading.default\">\n\t\t\t\t<div class=\"elementor-widget-container\">\n\t\t\t\t\t<h3 class=\"elementor-heading-title elementor-size-default\">Nuestro equipo te contactar\u00e1 lo antes posible<\/h3>\t\t\t\t<\/div>\n\t\t\t\t<\/div>\n\t\t\t\t<div class=\"elementor-element elementor-element-1dea983 elementor-widget elementor-widget-text-editor\" data-id=\"1dea983\" data-element_type=\"widget\" data-widget_type=\"text-editor.default\">\n\t\t\t\t<div class=\"elementor-widget-container\">\n\t\t\t\t\t\t\t\t\t<p><strong>Somos agentes de cambio para la sostenibilidad.<\/strong><\/p>\n\t\t\t\t\t\t\t\t<\/div>\n\t\t\t\t<\/div>\n\t\t\t\t\t<\/div>\n\t\t<\/div>\n\t\t\t\t<div class=\"elementor-column elementor-col-50 elementor-top-column elementor-element elementor-element-a13c234 elementor-hidden-mobile elementor-invisible\" data-id=\"a13c234\" data-element_type=\"column\" data-settings=\"{&quot;animation&quot;:&quot;slideInRight&quot;,&quot;background_background&quot;:&quot;classic&quot;}\">\n\t\t\t<div class=\"elementor-widget-wrap\">\n\t\t\t\t\t\t\t<\/div>\n\t\t<\/div>\n\t\t\t\t\t<\/div>\n\t\t<\/section>\n\t\t\t\t<section class=\"elementor-section elementor-top-section elementor-element elementor-element-e8ab02a elementor-section-boxed elementor-section-height-default elementor-section-height-default\" data-id=\"e8ab02a\" data-element_type=\"section\" data-settings=\"{&quot;background_background&quot;:&quot;gradient&quot;}\">\n\t\t\t\t\t\t<div class=\"elementor-container elementor-column-gap-default\">\n\t\t\t\t\t<div class=\"elementor-column elementor-col-100 elementor-top-column elementor-element elementor-element-fb9daef\" data-id=\"fb9daef\" data-element_type=\"column\">\n\t\t\t<div class=\"elementor-widget-wrap elementor-element-populated\">\n\t\t\t\t\t\t<div class=\"elementor-element elementor-element-3db7605 elementor-widget elementor-widget-heading\" data-id=\"3db7605\" data-element_type=\"widget\" data-widget_type=\"heading.default\">\n\t\t\t\t<div class=\"elementor-widget-container\">\n\t\t\t\t\t<h2 class=\"elementor-heading-title elementor-size-default\">\u00bfPor qu\u00e9 Envolta Energ\u00eda?<\/h2>\t\t\t\t<\/div>\n\t\t\t\t<\/div>\n\t\t\t\t<div class=\"elementor-element elementor-element-c4583e0 elementor-widget-divider--view-line elementor-widget elementor-widget-divider\" data-id=\"c4583e0\" data-element_type=\"widget\" data-widget_type=\"divider.default\">\n\t\t\t\t<div class=\"elementor-widget-container\">\n\t\t\t\t\t\t\t<div class=\"elementor-divider\">\n\t\t\t<span class=\"elementor-divider-separator\">\n\t\t\t\t\t\t<\/span>\n\t\t<\/div>\n\t\t\t\t\t\t<\/div>\n\t\t\t\t<\/div>\n\t\t\t\t<section class=\"elementor-section elementor-inner-section elementor-element elementor-element-b487149 elementor-section-boxed elementor-section-height-default elementor-section-height-default\" data-id=\"b487149\" data-element_type=\"section\">\n\t\t\t\t\t\t<div class=\"elementor-container elementor-column-gap-default\">\n\t\t\t\t\t<div class=\"elementor-column elementor-col-33 elementor-inner-column elementor-element elementor-element-181fa2d\" data-id=\"181fa2d\" data-element_type=\"column\">\n\t\t\t<div class=\"elementor-widget-wrap elementor-element-populated\">\n\t\t\t\t\t\t<div class=\"elementor-element elementor-element-a199921 por-que-envolta-cards elementor-position-top elementor-widget elementor-widget-image-box\" data-id=\"a199921\" data-element_type=\"widget\" data-widget_type=\"image-box.default\">\n\t\t\t\t<div class=\"elementor-widget-container\">\n\t\t\t\t\t<div class=\"elementor-image-box-wrapper\"><figure class=\"elementor-image-box-img\"><img fetchpriority=\"high\" decoding=\"async\" width=\"512\" height=\"512\" src=\"https:\/\/envoltaenergia.com\/wp-content\/uploads\/2023\/07\/experiencia.png\" class=\"attachment-full size-full wp-image-3996\" alt=\"\" srcset=\"https:\/\/envoltaenergia.com\/wp-content\/uploads\/2023\/07\/experiencia.png 512w, https:\/\/envoltaenergia.com\/wp-content\/uploads\/2023\/07\/experiencia-300x300.png 300w, https:\/\/envoltaenergia.com\/wp-content\/uploads\/2023\/07\/experiencia-150x150.png 150w, https:\/\/envoltaenergia.com\/wp-content\/uploads\/2023\/07\/experiencia-180x180.png 180w, https:\/\/envoltaenergia.com\/wp-content\/uploads\/2023\/07\/experiencia-360x360.png 360w\" sizes=\"(max-width: 512px) 100vw, 512px\" \/><\/figure><div class=\"elementor-image-box-content\"><h3 class=\"elementor-image-box-title\">Experiencia<\/h3><p class=\"elementor-image-box-description\">M\u00e1s de 250 proyectos nacionales e internacionales en descarbonizaci\u00f3n<\/p><\/div><\/div>\t\t\t\t<\/div>\n\t\t\t\t<\/div>\n\t\t\t\t\t<\/div>\n\t\t<\/div>\n\t\t\t\t<div class=\"elementor-column elementor-col-33 elementor-inner-column elementor-element elementor-element-992dd44\" data-id=\"992dd44\" data-element_type=\"column\">\n\t\t\t<div class=\"elementor-widget-wrap elementor-element-populated\">\n\t\t\t\t\t\t<div class=\"elementor-element elementor-element-b416e31 por-que-envolta-cards elementor-position-top elementor-widget elementor-widget-image-box\" data-id=\"b416e31\" data-element_type=\"widget\" data-widget_type=\"image-box.default\">\n\t\t\t\t<div class=\"elementor-widget-container\">\n\t\t\t\t\t<div class=\"elementor-image-box-wrapper\"><figure class=\"elementor-image-box-img\"><img decoding=\"async\" width=\"512\" height=\"512\" src=\"https:\/\/envoltaenergia.com\/wp-content\/uploads\/2023\/05\/brujula-de-orientacion.png\" class=\"attachment-full size-full wp-image-1895\" alt=\"\" srcset=\"https:\/\/envoltaenergia.com\/wp-content\/uploads\/2023\/05\/brujula-de-orientacion.png 512w, https:\/\/envoltaenergia.com\/wp-content\/uploads\/2023\/05\/brujula-de-orientacion-300x300.png 300w, https:\/\/envoltaenergia.com\/wp-content\/uploads\/2023\/05\/brujula-de-orientacion-150x150.png 150w, https:\/\/envoltaenergia.com\/wp-content\/uploads\/2023\/05\/brujula-de-orientacion-180x180.png 180w, https:\/\/envoltaenergia.com\/wp-content\/uploads\/2023\/05\/brujula-de-orientacion-360x360.png 360w\" sizes=\"(max-width: 512px) 100vw, 512px\" \/><\/figure><div class=\"elementor-image-box-content\"><h3 class=\"elementor-image-box-title\">Proximidad<\/h3><p class=\"elementor-image-box-description\">Trata directamente con nuestro equipo de ingenieros y consultores, sin intermediarios<\/p><\/div><\/div>\t\t\t\t<\/div>\n\t\t\t\t<\/div>\n\t\t\t\t\t<\/div>\n\t\t<\/div>\n\t\t\t\t<div class=\"elementor-column elementor-col-33 elementor-inner-column elementor-element elementor-element-57fc06f\" data-id=\"57fc06f\" data-element_type=\"column\">\n\t\t\t<div class=\"elementor-widget-wrap elementor-element-populated\">\n\t\t\t\t\t\t<div class=\"elementor-element elementor-element-14f5c9e por-que-envolta-cards elementor-position-top elementor-widget elementor-widget-image-box\" data-id=\"14f5c9e\" data-element_type=\"widget\" data-widget_type=\"image-box.default\">\n\t\t\t\t<div class=\"elementor-widget-container\">\n\t\t\t\t\t<div class=\"elementor-image-box-wrapper\"><figure class=\"elementor-image-box-img\"><img decoding=\"async\" width=\"512\" height=\"512\" src=\"https:\/\/envoltaenergia.com\/wp-content\/uploads\/2023\/07\/transparencia.png\" class=\"attachment-full size-full wp-image-3988\" alt=\"\" srcset=\"https:\/\/envoltaenergia.com\/wp-content\/uploads\/2023\/07\/transparencia.png 512w, https:\/\/envoltaenergia.com\/wp-content\/uploads\/2023\/07\/transparencia-300x300.png 300w, https:\/\/envoltaenergia.com\/wp-content\/uploads\/2023\/07\/transparencia-150x150.png 150w, https:\/\/envoltaenergia.com\/wp-content\/uploads\/2023\/07\/transparencia-180x180.png 180w, https:\/\/envoltaenergia.com\/wp-content\/uploads\/2023\/07\/transparencia-360x360.png 360w\" sizes=\"(max-width: 512px) 100vw, 512px\" \/><\/figure><div class=\"elementor-image-box-content\"><h3 class=\"elementor-image-box-title\">Transparencia<\/h3><p class=\"elementor-image-box-description\">Sin sorpresas. Ofrecemos todos los detalles desde el minuto 0.<\/p><\/div><\/div>\t\t\t\t<\/div>\n\t\t\t\t<\/div>\n\t\t\t\t\t<\/div>\n\t\t<\/div>\n\t\t\t\t\t<\/div>\n\t\t<\/section>\n\t\t\t\t<section class=\"elementor-section elementor-inner-section elementor-element elementor-element-a02acbc elementor-section-boxed elementor-section-height-default elementor-section-height-default\" data-id=\"a02acbc\" data-element_type=\"section\">\n\t\t\t\t\t\t<div class=\"elementor-container elementor-column-gap-default\">\n\t\t\t\t\t<div class=\"elementor-column elementor-col-33 elementor-inner-column elementor-element elementor-element-9ba4a25\" data-id=\"9ba4a25\" data-element_type=\"column\">\n\t\t\t<div class=\"elementor-widget-wrap elementor-element-populated\">\n\t\t\t\t\t\t<div class=\"elementor-element elementor-element-b80fa10 por-que-envolta-cards elementor-position-top elementor-widget elementor-widget-image-box\" data-id=\"b80fa10\" data-element_type=\"widget\" data-widget_type=\"image-box.default\">\n\t\t\t\t<div class=\"elementor-widget-container\">\n\t\t\t\t\t<div class=\"elementor-image-box-wrapper\"><figure class=\"elementor-image-box-img\"><img loading=\"lazy\" decoding=\"async\" width=\"512\" height=\"512\" src=\"https:\/\/envoltaenergia.com\/wp-content\/uploads\/2023\/07\/rompecabezas.png\" class=\"attachment-full size-full wp-image-3998\" alt=\"\" srcset=\"https:\/\/envoltaenergia.com\/wp-content\/uploads\/2023\/07\/rompecabezas.png 512w, https:\/\/envoltaenergia.com\/wp-content\/uploads\/2023\/07\/rompecabezas-300x300.png 300w, https:\/\/envoltaenergia.com\/wp-content\/uploads\/2023\/07\/rompecabezas-150x150.png 150w, https:\/\/envoltaenergia.com\/wp-content\/uploads\/2023\/07\/rompecabezas-180x180.png 180w, https:\/\/envoltaenergia.com\/wp-content\/uploads\/2023\/07\/rompecabezas-360x360.png 360w\" sizes=\"(max-width: 512px) 100vw, 512px\" \/><\/figure><div class=\"elementor-image-box-content\"><h3 class=\"elementor-image-box-title\">Complicidad<\/h3><p class=\"elementor-image-box-description\">Soluciones espec\u00edficas para necesidades \u00fanicas<\/p><\/div><\/div>\t\t\t\t<\/div>\n\t\t\t\t<\/div>\n\t\t\t\t\t<\/div>\n\t\t<\/div>\n\t\t\t\t<div class=\"elementor-column elementor-col-33 elementor-inner-column elementor-element elementor-element-8a9ce15\" data-id=\"8a9ce15\" data-element_type=\"column\">\n\t\t\t<div class=\"elementor-widget-wrap elementor-element-populated\">\n\t\t\t\t\t\t<div class=\"elementor-element elementor-element-33432c0 por-que-envolta-cards elementor-position-top elementor-widget elementor-widget-image-box\" data-id=\"33432c0\" data-element_type=\"widget\" data-widget_type=\"image-box.default\">\n\t\t\t\t<div class=\"elementor-widget-container\">\n\t\t\t\t\t<div class=\"elementor-image-box-wrapper\"><figure class=\"elementor-image-box-img\"><img loading=\"lazy\" decoding=\"async\" width=\"512\" height=\"512\" src=\"https:\/\/envoltaenergia.com\/wp-content\/uploads\/2023\/05\/fabrica-verde.png\" class=\"attachment-full size-full wp-image-1905\" alt=\"\" srcset=\"https:\/\/envoltaenergia.com\/wp-content\/uploads\/2023\/05\/fabrica-verde.png 512w, https:\/\/envoltaenergia.com\/wp-content\/uploads\/2023\/05\/fabrica-verde-300x300.png 300w, https:\/\/envoltaenergia.com\/wp-content\/uploads\/2023\/05\/fabrica-verde-150x150.png 150w, https:\/\/envoltaenergia.com\/wp-content\/uploads\/2023\/05\/fabrica-verde-180x180.png 180w, https:\/\/envoltaenergia.com\/wp-content\/uploads\/2023\/05\/fabrica-verde-360x360.png 360w\" sizes=\"(max-width: 512px) 100vw, 512px\" \/><\/figure><div class=\"elementor-image-box-content\"><h3 class=\"elementor-image-box-title\">Compromiso<\/h3><p class=\"elementor-image-box-description\">Comprometidos con nuestros proyectos y con nuestro planeta<\/p><\/div><\/div>\t\t\t\t<\/div>\n\t\t\t\t<\/div>\n\t\t\t\t\t<\/div>\n\t\t<\/div>\n\t\t\t\t<div class=\"elementor-column elementor-col-33 elementor-inner-column elementor-element elementor-element-9c86de4\" data-id=\"9c86de4\" data-element_type=\"column\">\n\t\t\t<div class=\"elementor-widget-wrap elementor-element-populated\">\n\t\t\t\t\t\t<div class=\"elementor-element elementor-element-73efe7b por-que-envolta-cards elementor-position-top elementor-widget elementor-widget-image-box\" data-id=\"73efe7b\" data-element_type=\"widget\" data-widget_type=\"image-box.default\">\n\t\t\t\t<div class=\"elementor-widget-container\">\n\t\t\t\t\t<div class=\"elementor-image-box-wrapper\"><figure class=\"elementor-image-box-img\"><img loading=\"lazy\" decoding=\"async\" width=\"512\" height=\"512\" src=\"https:\/\/envoltaenergia.com\/wp-content\/uploads\/2023\/07\/colaborar.png\" class=\"attachment-full size-full wp-image-3993\" alt=\"\" srcset=\"https:\/\/envoltaenergia.com\/wp-content\/uploads\/2023\/07\/colaborar.png 512w, https:\/\/envoltaenergia.com\/wp-content\/uploads\/2023\/07\/colaborar-300x300.png 300w, https:\/\/envoltaenergia.com\/wp-content\/uploads\/2023\/07\/colaborar-150x150.png 150w, https:\/\/envoltaenergia.com\/wp-content\/uploads\/2023\/07\/colaborar-180x180.png 180w, https:\/\/envoltaenergia.com\/wp-content\/uploads\/2023\/07\/colaborar-360x360.png 360w\" sizes=\"(max-width: 512px) 100vw, 512px\" \/><\/figure><div class=\"elementor-image-box-content\"><h3 class=\"elementor-image-box-title\">Partners<\/h3><p class=\"elementor-image-box-description\">Nos asociamos para buscar e implantar la mejor soluci\u00f3n tecnol\u00f3gica<\/p><\/div><\/div>\t\t\t\t<\/div>\n\t\t\t\t<\/div>\n\t\t\t\t\t<\/div>\n\t\t<\/div>\n\t\t\t\t\t<\/div>\n\t\t<\/section>\n\t\t\t\t\t<\/div>\n\t\t<\/div>\n\t\t\t\t\t<\/div>\n\t\t<\/section>\n\t\t\t\t<\/div>\n\t\t","protected":false},"excerpt":{"rendered":"<p>FORMULARIO RECIBO Hemos recibido tu solicitud de informaci\u00f3n Nuestro equipo te contactar\u00e1 lo antes posible Somos agentes de cambio para la sostenibilidad. \u00bfPor qu\u00e9 Envolta Energ\u00eda? Experiencia M\u00e1s de 250 proyectos nacionales e internacionales en descarbonizaci\u00f3n Proximidad Trata directamente con nuestro equipo de ingenieros y consultores, sin intermediarios Transparencia Sin sorpresas. Ofrecemos todos los detalles [&hellip;]<\/p>\n","protected":false},"author":3,"featured_media":0,"parent":0,"menu_order":0,"comment_status":"closed","ping_status":"closed","template":"","meta":{"_acf_changed":false,"inline_featured_image":false,"footnotes":""},"class_list":["post-7439","page","type-page","status-publish","hentry"],"acf":[],"yoast_head":"<!-- This site is optimized with the Yoast SEO plugin v27.6 - https:\/\/yoast.com\/product\/yoast-seo-wordpress\/ -->\n<title>\u25b7 Gracias - \u3010Envolta\u3011<\/title>\n<meta name=\"description\" content=\"FORMULARIO RECIBO Hemos recibido tu solicitud de informaci\u00f3n Nuestro equipo te contactar\u00e1 lo antes posible Somos agentes de cambio para la sostenibilidad. \u2713\" \/>\n<meta name=\"robots\" content=\"noindex, nofollow\" \/>\n<meta property=\"og:locale\" content=\"es_ES\" \/>\n<meta property=\"og:type\" content=\"article\" \/>\n<meta property=\"og:title\" content=\"\u25b7 Gracias - \u3010Envolta\u3011\" \/>\n<meta property=\"og:description\" content=\"FORMULARIO RECIBO Hemos recibido tu solicitud de informaci\u00f3n Nuestro equipo te contactar\u00e1 lo antes posible Somos agentes de cambio para la sostenibilidad. \u2713\" \/>\n<meta property=\"og:url\" content=\"https:\/\/envoltaenergia.com\/es\/gracias\/\" \/>\n<meta property=\"og:site_name\" content=\"Envolta\" \/>\n<meta property=\"article:modified_time\" content=\"2023-10-31T14:37:59+00:00\" \/>\n<meta property=\"og:image\" content=\"https:\/\/envoltaenergia.com\/wp-content\/uploads\/2023\/07\/experiencia.png\" \/>\n<meta name=\"twitter:card\" content=\"summary_large_image\" \/>\n<meta name=\"twitter:label1\" content=\"Tiempo de lectura\" \/>\n\t<meta name=\"twitter:data1\" content=\"2 minutos\" \/>\n<script type=\"application\/ld+json\" class=\"yoast-schema-graph\">{\"@context\":\"https:\\\/\\\/schema.org\",\"@graph\":[{\"@type\":\"WebPage\",\"@id\":\"https:\\\/\\\/envoltaenergia.com\\\/es\\\/gracias\\\/\",\"url\":\"https:\\\/\\\/envoltaenergia.com\\\/es\\\/gracias\\\/\",\"name\":\"\u25b7 Gracias - \u3010Envolta\u3011\",\"isPartOf\":{\"@id\":\"https:\\\/\\\/envoltaenergia.com\\\/#website\"},\"primaryImageOfPage\":{\"@id\":\"https:\\\/\\\/envoltaenergia.com\\\/es\\\/gracias\\\/#primaryimage\"},\"image\":{\"@id\":\"https:\\\/\\\/envoltaenergia.com\\\/es\\\/gracias\\\/#primaryimage\"},\"thumbnailUrl\":\"https:\\\/\\\/envoltaenergia.com\\\/wp-content\\\/uploads\\\/2023\\\/07\\\/experiencia.png\",\"datePublished\":\"2023-08-03T11:54:09+00:00\",\"dateModified\":\"2023-10-31T14:37:59+00:00\",\"description\":\"FORMULARIO RECIBO Hemos recibido tu solicitud de informaci\u00f3n Nuestro equipo te contactar\u00e1 lo antes posible Somos agentes de cambio para la sostenibilidad. \u2713\",\"breadcrumb\":{\"@id\":\"https:\\\/\\\/envoltaenergia.com\\\/es\\\/gracias\\\/#breadcrumb\"},\"inLanguage\":\"es\",\"potentialAction\":[{\"@type\":\"ReadAction\",\"target\":[\"https:\\\/\\\/envoltaenergia.com\\\/es\\\/gracias\\\/\"]}]},{\"@type\":\"ImageObject\",\"inLanguage\":\"es\",\"@id\":\"https:\\\/\\\/envoltaenergia.com\\\/es\\\/gracias\\\/#primaryimage\",\"url\":\"https:\\\/\\\/envoltaenergia.com\\\/wp-content\\\/uploads\\\/2023\\\/07\\\/experiencia.png\",\"contentUrl\":\"https:\\\/\\\/envoltaenergia.com\\\/wp-content\\\/uploads\\\/2023\\\/07\\\/experiencia.png\"},{\"@type\":\"BreadcrumbList\",\"@id\":\"https:\\\/\\\/envoltaenergia.com\\\/es\\\/gracias\\\/#breadcrumb\",\"itemListElement\":[{\"@type\":\"ListItem\",\"position\":1,\"name\":\"Portada\",\"item\":\"https:\\\/\\\/envoltaenergia.com\\\/es\\\/\"},{\"@type\":\"ListItem\",\"position\":2,\"name\":\"Gracias\"}]},{\"@type\":\"WebSite\",\"@id\":\"https:\\\/\\\/envoltaenergia.com\\\/#website\",\"url\":\"https:\\\/\\\/envoltaenergia.com\\\/\",\"name\":\"Envolta Energia\",\"description\":\"Consultor\u00eda e ingenier\u00eda en sostenibilidad customizada para empresas\",\"publisher\":{\"@id\":\"https:\\\/\\\/envoltaenergia.com\\\/#organization\"},\"alternateName\":\"Transici\u00f3n a un futuro mejor\",\"potentialAction\":[{\"@type\":\"SearchAction\",\"target\":{\"@type\":\"EntryPoint\",\"urlTemplate\":\"https:\\\/\\\/envoltaenergia.com\\\/?s={search_term_string}\"},\"query-input\":{\"@type\":\"PropertyValueSpecification\",\"valueRequired\":true,\"valueName\":\"search_term_string\"}}],\"inLanguage\":\"es\"},{\"@type\":\"Organization\",\"@id\":\"https:\\\/\\\/envoltaenergia.com\\\/#organization\",\"name\":\"Envolta Energia\",\"url\":\"https:\\\/\\\/envoltaenergia.com\\\/\",\"logo\":{\"@type\":\"ImageObject\",\"inLanguage\":\"es\",\"@id\":\"https:\\\/\\\/envoltaenergia.com\\\/#\\\/schema\\\/logo\\\/image\\\/\",\"url\":\"https:\\\/\\\/envoltaenergia.com\\\/wp-content\\\/uploads\\\/2023\\\/02\\\/cropped-LOGO.png\",\"contentUrl\":\"https:\\\/\\\/envoltaenergia.com\\\/wp-content\\\/uploads\\\/2023\\\/02\\\/cropped-LOGO.png\",\"width\":1015,\"height\":281,\"caption\":\"Envolta Energia\"},\"image\":{\"@id\":\"https:\\\/\\\/envoltaenergia.com\\\/#\\\/schema\\\/logo\\\/image\\\/\"}}]}<\/script>\n<!-- \/ Yoast SEO plugin. -->","yoast_head_json":{"title":"\u25b7 Gracias - \u3010Envolta\u3011","description":"FORMULARIO RECIBO Hemos recibido tu solicitud de informaci\u00f3n Nuestro equipo te contactar\u00e1 lo antes posible Somos agentes de cambio para la sostenibilidad. \u2713","robots":{"index":"noindex","follow":"nofollow"},"og_locale":"es_ES","og_type":"article","og_title":"\u25b7 Gracias - \u3010Envolta\u3011","og_description":"FORMULARIO RECIBO Hemos recibido tu solicitud de informaci\u00f3n Nuestro equipo te contactar\u00e1 lo antes posible Somos agentes de cambio para la sostenibilidad. \u2713","og_url":"https:\/\/envoltaenergia.com\/es\/gracias\/","og_site_name":"Envolta","article_modified_time":"2023-10-31T14:37:59+00:00","og_image":[{"url":"https:\/\/envoltaenergia.com\/wp-content\/uploads\/2023\/07\/experiencia.png","type":"","width":"","height":""}],"twitter_card":"summary_large_image","twitter_misc":{"Tiempo de lectura":"2 minutos"},"schema":{"@context":"https:\/\/schema.org","@graph":[{"@type":"WebPage","@id":"https:\/\/envoltaenergia.com\/es\/gracias\/","url":"https:\/\/envoltaenergia.com\/es\/gracias\/","name":"\u25b7 Gracias - \u3010Envolta\u3011","isPartOf":{"@id":"https:\/\/envoltaenergia.com\/#website"},"primaryImageOfPage":{"@id":"https:\/\/envoltaenergia.com\/es\/gracias\/#primaryimage"},"image":{"@id":"https:\/\/envoltaenergia.com\/es\/gracias\/#primaryimage"},"thumbnailUrl":"https:\/\/envoltaenergia.com\/wp-content\/uploads\/2023\/07\/experiencia.png","datePublished":"2023-08-03T11:54:09+00:00","dateModified":"2023-10-31T14:37:59+00:00","description":"FORMULARIO RECIBO Hemos recibido tu solicitud de informaci\u00f3n Nuestro equipo te contactar\u00e1 lo antes posible Somos agentes de cambio para la sostenibilidad. \u2713","breadcrumb":{"@id":"https:\/\/envoltaenergia.com\/es\/gracias\/#breadcrumb"},"inLanguage":"es","potentialAction":[{"@type":"ReadAction","target":["https:\/\/envoltaenergia.com\/es\/gracias\/"]}]},{"@type":"ImageObject","inLanguage":"es","@id":"https:\/\/envoltaenergia.com\/es\/gracias\/#primaryimage","url":"https:\/\/envoltaenergia.com\/wp-content\/uploads\/2023\/07\/experiencia.png","contentUrl":"https:\/\/envoltaenergia.com\/wp-content\/uploads\/2023\/07\/experiencia.png"},{"@type":"BreadcrumbList","@id":"https:\/\/envoltaenergia.com\/es\/gracias\/#breadcrumb","itemListElement":[{"@type":"ListItem","position":1,"name":"Portada","item":"https:\/\/envoltaenergia.com\/es\/"},{"@type":"ListItem","position":2,"name":"Gracias"}]},{"@type":"WebSite","@id":"https:\/\/envoltaenergia.com\/#website","url":"https:\/\/envoltaenergia.com\/","name":"Envolta Energia","description":"Consultor\u00eda e ingenier\u00eda en sostenibilidad customizada para empresas","publisher":{"@id":"https:\/\/envoltaenergia.com\/#organization"},"alternateName":"Transici\u00f3n a un futuro mejor","potentialAction":[{"@type":"SearchAction","target":{"@type":"EntryPoint","urlTemplate":"https:\/\/envoltaenergia.com\/?s={search_term_string}"},"query-input":{"@type":"PropertyValueSpecification","valueRequired":true,"valueName":"search_term_string"}}],"inLanguage":"es"},{"@type":"Organization","@id":"https:\/\/envoltaenergia.com\/#organization","name":"Envolta Energia","url":"https:\/\/envoltaenergia.com\/","logo":{"@type":"ImageObject","inLanguage":"es","@id":"https:\/\/envoltaenergia.com\/#\/schema\/logo\/image\/","url":"https:\/\/envoltaenergia.com\/wp-content\/uploads\/2023\/02\/cropped-LOGO.png","contentUrl":"https:\/\/envoltaenergia.com\/wp-content\/uploads\/2023\/02\/cropped-LOGO.png","width":1015,"height":281,"caption":"Envolta Energia"},"image":{"@id":"https:\/\/envoltaenergia.com\/#\/schema\/logo\/image\/"}}]}},"_links":{"self":[{"href":"https:\/\/envoltaenergia.com\/es\/wp-json\/wp\/v2\/pages\/7439","targetHints":{"allow":["GET"]}}],"collection":[{"href":"https:\/\/envoltaenergia.com\/es\/wp-json\/wp\/v2\/pages"}],"about":[{"href":"https:\/\/envoltaenergia.com\/es\/wp-json\/wp\/v2\/types\/page"}],"author":[{"embeddable":true,"href":"https:\/\/envoltaenergia.com\/es\/wp-json\/wp\/v2\/users\/3"}],"replies":[{"embeddable":true,"href":"https:\/\/envoltaenergia.com\/es\/wp-json\/wp\/v2\/comments?post=7439"}],"version-history":[{"count":1,"href":"https:\/\/envoltaenergia.com\/es\/wp-json\/wp\/v2\/pages\/7439\/revisions"}],"predecessor-version":[{"id":8199,"href":"https:\/\/envoltaenergia.com\/es\/wp-json\/wp\/v2\/pages\/7439\/revisions\/8199"}],"wp:attachment":[{"href":"https:\/\/envoltaenergia.com\/es\/wp-json\/wp\/v2\/media?parent=7439"}],"curies":[{"name":"wp","href":"https:\/\/api.w.org\/{rel}","templated":true}]}}