{"id":155,"date":"2023-02-07T11:05:17","date_gmt":"2023-02-07T11:05:17","guid":{"rendered":"https:\/\/envoltaenergia.com\/?page_id=155"},"modified":"2023-10-31T15:41:44","modified_gmt":"2023-10-31T14:41:44","slug":"contacta","status":"publish","type":"page","link":"https:\/\/envoltaenergia.com\/es\/contacta\/","title":{"rendered":"Contacta"},"content":{"rendered":"\t\t<div data-elementor-type=\"wp-page\" data-elementor-id=\"155\" class=\"elementor elementor-155\" data-elementor-post-type=\"page\">\n\t\t\t\t\t\t<section class=\"elementor-section elementor-top-section elementor-element elementor-element-9ac3857 elementor-section-boxed elementor-section-height-default elementor-section-height-default\" data-id=\"9ac3857\" data-element_type=\"section\" data-settings=\"{&quot;background_background&quot;:&quot;classic&quot;}\">\n\t\t\t\t\t\t<div class=\"elementor-container elementor-column-gap-default\">\n\t\t\t\t\t<div class=\"elementor-column elementor-col-100 elementor-top-column elementor-element elementor-element-071215e\" data-id=\"071215e\" data-element_type=\"column\">\n\t\t\t<div class=\"elementor-widget-wrap elementor-element-populated\">\n\t\t\t\t\t\t<div class=\"elementor-element elementor-element-2caf323 elementor-widget elementor-widget-heading\" data-id=\"2caf323\" data-element_type=\"widget\" data-widget_type=\"heading.default\">\n\t\t\t\t<div class=\"elementor-widget-container\">\n\t\t\t\t\t<h1 class=\"elementor-heading-title elementor-size-default\">Contacto<\/h1>\t\t\t\t<\/div>\n\t\t\t\t<\/div>\n\t\t\t\t\t<\/div>\n\t\t<\/div>\n\t\t\t\t\t<\/div>\n\t\t<\/section>\n\t\t\t\t<section class=\"elementor-section elementor-top-section elementor-element elementor-element-189383d elementor-section-boxed elementor-section-height-default elementor-section-height-default\" data-id=\"189383d\" data-element_type=\"section\">\n\t\t\t\t\t\t<div class=\"elementor-container elementor-column-gap-default\">\n\t\t\t\t\t<div class=\"elementor-column elementor-col-100 elementor-top-column elementor-element elementor-element-d413620\" data-id=\"d413620\" data-element_type=\"column\">\n\t\t\t<div class=\"elementor-widget-wrap elementor-element-populated\">\n\t\t\t\t\t\t<section class=\"elementor-section elementor-inner-section elementor-element elementor-element-cbef0ba elementor-reverse-mobile elementor-section-boxed elementor-section-height-default elementor-section-height-default\" data-id=\"cbef0ba\" data-element_type=\"section\" data-settings=\"{&quot;background_background&quot;:&quot;classic&quot;}\">\n\t\t\t\t\t\t<div class=\"elementor-container elementor-column-gap-default\">\n\t\t\t\t\t<div class=\"elementor-column elementor-col-50 elementor-inner-column elementor-element elementor-element-7bb7dd4\" data-id=\"7bb7dd4\" data-element_type=\"column\" data-settings=\"{&quot;background_background&quot;:&quot;classic&quot;}\">\n\t\t\t<div class=\"elementor-widget-wrap elementor-element-populated\">\n\t\t\t\t\t\t<div class=\"elementor-element elementor-element-beeb28d elementor-widget elementor-widget-image\" data-id=\"beeb28d\" data-element_type=\"widget\" data-widget_type=\"image.default\">\n\t\t\t\t<div class=\"elementor-widget-container\">\n\t\t\t\t\t\t\t\t\t\t\t\t\t\t\t<img fetchpriority=\"high\" decoding=\"async\" width=\"800\" height=\"221\" src=\"https:\/\/envoltaenergia.com\/wp-content\/uploads\/2023\/02\/cropped-LOGO.png\" class=\"attachment-large size-large wp-image-176\" alt=\"\" srcset=\"https:\/\/envoltaenergia.com\/wp-content\/uploads\/2023\/02\/cropped-LOGO.png 1015w, https:\/\/envoltaenergia.com\/wp-content\/uploads\/2023\/02\/cropped-LOGO-300x83.png 300w, https:\/\/envoltaenergia.com\/wp-content\/uploads\/2023\/02\/cropped-LOGO-768x213.png 768w, https:\/\/envoltaenergia.com\/wp-content\/uploads\/2023\/02\/cropped-LOGO-180x50.png 180w, https:\/\/envoltaenergia.com\/wp-content\/uploads\/2023\/02\/cropped-LOGO-360x100.png 360w, https:\/\/envoltaenergia.com\/wp-content\/uploads\/2023\/02\/cropped-LOGO-640x177.png 640w\" sizes=\"(max-width: 800px) 100vw, 800px\" \/>\t\t\t\t\t\t\t\t\t\t\t\t\t\t\t<\/div>\n\t\t\t\t<\/div>\n\t\t\t\t<div class=\"elementor-element elementor-element-9298417 elementor-widget elementor-widget-text-editor\" data-id=\"9298417\" data-element_type=\"widget\" data-widget_type=\"text-editor.default\">\n\t\t\t\t<div class=\"elementor-widget-container\">\n\t\t\t\t\t\t\t\t\t<p>Ofrecemos soluciones llave en mano, de ingenier\u00eda, tr\u00e1mites de ayudas y financiaci\u00f3n, ejecuci\u00f3n, hasta el mantenimiento sin intermediarios.<\/p>\t\t\t\t\t\t\t\t<\/div>\n\t\t\t\t<\/div>\n\t\t\t\t<div class=\"elementor-element elementor-element-148f71e elementor-align-start elementor-mobile-align-center elementor-icon-list--layout-traditional elementor-list-item-link-full_width elementor-widget elementor-widget-icon-list\" data-id=\"148f71e\" data-element_type=\"widget\" data-widget_type=\"icon-list.default\">\n\t\t\t\t<div class=\"elementor-widget-container\">\n\t\t\t\t\t\t\t<ul class=\"elementor-icon-list-items\">\n\t\t\t\t\t\t\t<li class=\"elementor-icon-list-item\">\n\t\t\t\t\t\t\t\t\t\t\t<span class=\"elementor-icon-list-icon\">\n\t\t\t\t\t\t\t<i aria-hidden=\"true\" class=\"fas fa-phone\"><\/i>\t\t\t\t\t\t<\/span>\n\t\t\t\t\t\t\t\t\t\t<span class=\"elementor-icon-list-text\">+34 621 14 20 57 <\/span>\n\t\t\t\t\t\t\t\t\t<\/li>\n\t\t\t\t\t\t\t\t<li class=\"elementor-icon-list-item\">\n\t\t\t\t\t\t\t\t\t\t\t<span class=\"elementor-icon-list-icon\">\n\t\t\t\t\t\t\t<i aria-hidden=\"true\" class=\"fas fa-envelope\"><\/i>\t\t\t\t\t\t<\/span>\n\t\t\t\t\t\t\t\t\t\t<span class=\"elementor-icon-list-text\">envolta@envoltaenergia.com<\/span>\n\t\t\t\t\t\t\t\t\t<\/li>\n\t\t\t\t\t\t\t\t<li class=\"elementor-icon-list-item\">\n\t\t\t\t\t\t\t\t\t\t\t<span class=\"elementor-icon-list-icon\">\n\t\t\t\t\t\t\t<i aria-hidden=\"true\" class=\"fas fa-map-marker-alt\"><\/i>\t\t\t\t\t\t<\/span>\n\t\t\t\t\t\t\t\t\t\t<span class=\"elementor-icon-list-text\">Septimania 57, 08006 Barcelona<\/span>\n\t\t\t\t\t\t\t\t\t<\/li>\n\t\t\t\t\t\t<\/ul>\n\t\t\t\t\t\t<\/div>\n\t\t\t\t<\/div>\n\t\t\t\t\t<\/div>\n\t\t<\/div>\n\t\t\t\t<div class=\"elementor-column elementor-col-50 elementor-inner-column elementor-element elementor-element-0a3bce8\" data-id=\"0a3bce8\" data-element_type=\"column\">\n\t\t\t<div class=\"elementor-widget-wrap elementor-element-populated\">\n\t\t\t\t\t\t<div class=\"elementor-element elementor-element-a000349 elementor-widget elementor-widget-heading\" data-id=\"a000349\" data-element_type=\"widget\" data-widget_type=\"heading.default\">\n\t\t\t\t<div class=\"elementor-widget-container\">\n\t\t\t\t\t<h2 class=\"elementor-heading-title elementor-size-default\">\u00bfPodemos ayudarte?<\/h2>\t\t\t\t<\/div>\n\t\t\t\t<\/div>\n\t\t\t\t<div class=\"elementor-element elementor-element-02ff783 elementor-button-align-stretch elementor-widget elementor-widget-form\" data-id=\"02ff783\" data-element_type=\"widget\" data-settings=\"{&quot;step_next_label&quot;:&quot;Siguiente&quot;,&quot;step_previous_label&quot;:&quot;Anterior&quot;,&quot;button_width&quot;:&quot;40&quot;,&quot;step_type&quot;:&quot;number_text&quot;,&quot;step_icon_shape&quot;:&quot;circle&quot;}\" data-widget_type=\"form.default\">\n\t\t\t\t<div class=\"elementor-widget-container\">\n\t\t\t\t\t\t\t<form class=\"elementor-form\" method=\"post\" name=\"Nuevo formulario\" aria-label=\"Nuevo formulario\">\n\t\t\t<input type=\"hidden\" name=\"post_id\" value=\"155\"\/>\n\t\t\t<input type=\"hidden\" name=\"form_id\" value=\"02ff783\"\/>\n\t\t\t<input type=\"hidden\" name=\"referer_title\" value=\"\u25b7 Contacta - \u3010Envolta\u3011\" \/>\n\n\t\t\t\t\t\t\t<input type=\"hidden\" name=\"queried_id\" value=\"155\"\/>\n\t\t\t\n\t\t\t<div class=\"elementor-form-fields-wrapper elementor-labels-above\">\n\t\t\t\t\t\t\t\t<div class=\"elementor-field-type-text elementor-field-group elementor-column elementor-field-group-name elementor-col-100\">\n\t\t\t\t\t\t\t\t\t\t\t\t<label for=\"form-field-name\" class=\"elementor-field-label\">\n\t\t\t\t\t\t\t\tNombre\t\t\t\t\t\t\t<\/label>\n\t\t\t\t\t\t\t\t\t\t\t\t\t\t<input size=\"1\" type=\"text\" name=\"form_fields[name]\" id=\"form-field-name\" class=\"elementor-field elementor-size-sm  elementor-field-textual\" placeholder=\"Nombre\">\n\t\t\t\t\t\t\t\t\t\t\t<\/div>\n\t\t\t\t\t\t\t\t<div class=\"elementor-field-type-email elementor-field-group elementor-column elementor-field-group-email elementor-col-100 elementor-field-required\">\n\t\t\t\t\t\t\t\t\t\t\t\t<label for=\"form-field-email\" class=\"elementor-field-label\">\n\t\t\t\t\t\t\t\tCorreo electr\u00f3nico\t\t\t\t\t\t\t<\/label>\n\t\t\t\t\t\t\t\t\t\t\t\t\t\t<input size=\"1\" type=\"email\" name=\"form_fields[email]\" id=\"form-field-email\" class=\"elementor-field elementor-size-sm  elementor-field-textual\" placeholder=\"Correo electr\u00f3nico\" required=\"required\">\n\t\t\t\t\t\t\t\t\t\t\t<\/div>\n\t\t\t\t\t\t\t\t<div class=\"elementor-field-type-text elementor-field-group elementor-column elementor-field-group-field_befd565 elementor-col-100 elementor-field-required\">\n\t\t\t\t\t\t\t\t\t\t\t\t<label for=\"form-field-field_befd565\" class=\"elementor-field-label\">\n\t\t\t\t\t\t\t\tTel\u00e9fono\t\t\t\t\t\t\t<\/label>\n\t\t\t\t\t\t\t\t\t\t\t\t\t\t<input size=\"1\" type=\"text\" name=\"form_fields[field_befd565]\" id=\"form-field-field_befd565\" class=\"elementor-field elementor-size-sm  elementor-field-textual\" placeholder=\"Tel\u00e9fono\" required=\"required\">\n\t\t\t\t\t\t\t\t\t\t\t<\/div>\n\t\t\t\t\t\t\t\t<div class=\"elementor-field-type-textarea elementor-field-group elementor-column elementor-field-group-message elementor-col-100 elementor-field-required\">\n\t\t\t\t\t\t\t\t\t\t\t\t<label for=\"form-field-message\" class=\"elementor-field-label\">\n\t\t\t\t\t\t\t\tMensaje\t\t\t\t\t\t\t<\/label>\n\t\t\t\t\t\t<textarea class=\"elementor-field-textual elementor-field  elementor-size-sm\" name=\"form_fields[message]\" id=\"form-field-message\" rows=\"2\" placeholder=\"Mensaje\" required=\"required\"><\/textarea>\t\t\t\t<\/div>\n\t\t\t\t\t\t\t\t<div class=\"elementor-field-type-acceptance elementor-field-group elementor-column elementor-field-group-field_c330d0d elementor-col-100 elementor-field-required\">\n\t\t\t\t\t\t\t<div class=\"elementor-field-subgroup\">\n\t\t\t<span class=\"elementor-field-option\">\n\t\t\t\t<input type=\"checkbox\" name=\"form_fields[field_c330d0d]\" id=\"form-field-field_c330d0d\" class=\"elementor-field elementor-size-sm  elementor-acceptance-field\" required=\"required\">\n\t\t\t\t<label for=\"form-field-field_c330d0d\">He le\u00eddo y acepto la <a href=\"\/es\/politica-privacidad\/\";>pol\u00edtica de privacidad<\/a><\/label>\t\t\t<\/span>\n\t\t<\/div>\n\t\t\t\t\t\t<\/div>\n\t\t\t\t\t\t\t\t<div class=\"elementor-field-type-text\">\n\t\t\t\t\t<input size=\"1\" type=\"text\" name=\"form_fields[field_8b940a3]\" id=\"form-field-field_8b940a3\" class=\"elementor-field elementor-size-sm \" style=\"display:none !important;\">\t\t\t\t<\/div>\n\t\t\t\t\t\t\t\t<div class=\"elementor-field-type-recaptcha_v3 elementor-field-group elementor-column elementor-field-group-field_4b5a717 elementor-col-100 recaptcha_v3-bottomright\">\n\t\t\t\t\t<div class=\"elementor-field\" id=\"form-field-field_4b5a717\"><div class=\"elementor-g-recaptcha\" data-sitekey=\"6Lf-j3knAAAAAG3puCKqj9Q6wEYS8QaELzzvki85\" data-type=\"v3\" data-action=\"Form\" data-badge=\"bottomright\" data-size=\"invisible\"><\/div><\/div>\t\t\t\t<\/div>\n\t\t\t\t\t\t\t\t<div class=\"elementor-field-group elementor-column elementor-field-type-submit elementor-col-40 e-form__buttons\">\n\t\t\t\t\t<button class=\"elementor-button elementor-size-sm\" type=\"submit\">\n\t\t\t\t\t\t<span class=\"elementor-button-content-wrapper\">\n\t\t\t\t\t\t\t\t\t\t\t\t\t\t\t\t\t\t\t\t\t\t<span class=\"elementor-button-text\">Enviar<\/span>\n\t\t\t\t\t\t\t\t\t\t\t\t\t<\/span>\n\t\t\t\t\t<\/button>\n\t\t\t\t<\/div>\n\t\t\t<\/div>\n\t\t<\/form>\n\t\t\t\t\t\t<\/div>\n\t\t\t\t<\/div>\n\t\t\t\t\t<\/div>\n\t\t<\/div>\n\t\t\t\t\t<\/div>\n\t\t<\/section>\n\t\t\t\t\t<\/div>\n\t\t<\/div>\n\t\t\t\t\t<\/div>\n\t\t<\/section>\n\t\t\t\t<\/div>\n\t\t","protected":false},"excerpt":{"rendered":"<p>Contacto Ofrecemos soluciones llave en mano, de ingenier\u00eda, tr\u00e1mites de ayudas y financiaci\u00f3n, ejecuci\u00f3n, hasta el mantenimiento sin intermediarios. +34 621 14 20 57 envolta@envoltaenergia.com Septimania 57, 08006 Barcelona \u00bfPodemos ayudarte?<\/p>\n","protected":false},"author":3,"featured_media":0,"parent":0,"menu_order":0,"comment_status":"closed","ping_status":"closed","template":"","meta":{"_acf_changed":false,"inline_featured_image":false,"footnotes":""},"class_list":["post-155","page","type-page","status-publish","hentry"],"acf":[],"yoast_head":"<!-- This site is optimized with the Yoast SEO plugin v27.6 - https:\/\/yoast.com\/product\/yoast-seo-wordpress\/ -->\n<title>\u25b7 Contacta - \u3010Envolta\u3011<\/title>\n<meta name=\"description\" content=\"Contacto Ofrecemos soluciones llave en mano, de ingenier\u00eda, tr\u00e1mites de ayudas y financiaci\u00f3n, ejecuci\u00f3n, hasta el mantenimiento sin intermediarios. +34 \u2713\" \/>\n<meta name=\"robots\" content=\"index, follow, max-snippet:-1, max-image-preview:large, max-video-preview:-1\" \/>\n<link rel=\"canonical\" href=\"https:\/\/envoltaenergia.com\/es\/contacta\/\" \/>\n<meta property=\"og:locale\" content=\"es_ES\" \/>\n<meta property=\"og:type\" content=\"article\" \/>\n<meta property=\"og:title\" content=\"\u25b7 Contacta - \u3010Envolta\u3011\" \/>\n<meta property=\"og:description\" content=\"Contacto Ofrecemos soluciones llave en mano, de ingenier\u00eda, tr\u00e1mites de ayudas y financiaci\u00f3n, ejecuci\u00f3n, hasta el mantenimiento sin intermediarios. +34 \u2713\" \/>\n<meta property=\"og:url\" content=\"https:\/\/envoltaenergia.com\/es\/contacta\/\" \/>\n<meta property=\"og:site_name\" content=\"Envolta\" \/>\n<meta property=\"article:modified_time\" content=\"2023-10-31T14:41:44+00:00\" \/>\n<meta property=\"og:image\" content=\"https:\/\/envoltaenergia.com\/wp-content\/uploads\/2023\/02\/cropped-LOGO.png\" \/>\n<meta name=\"twitter:card\" content=\"summary_large_image\" \/>\n<meta name=\"twitter:label1\" content=\"Tiempo de lectura\" \/>\n\t<meta name=\"twitter:data1\" content=\"1 minuto\" \/>\n<script type=\"application\/ld+json\" class=\"yoast-schema-graph\">{\"@context\":\"https:\\\/\\\/schema.org\",\"@graph\":[{\"@type\":\"WebPage\",\"@id\":\"https:\\\/\\\/envoltaenergia.com\\\/es\\\/contacta\\\/\",\"url\":\"https:\\\/\\\/envoltaenergia.com\\\/es\\\/contacta\\\/\",\"name\":\"\u25b7 Contacta - \u3010Envolta\u3011\",\"isPartOf\":{\"@id\":\"https:\\\/\\\/envoltaenergia.com\\\/#website\"},\"primaryImageOfPage\":{\"@id\":\"https:\\\/\\\/envoltaenergia.com\\\/es\\\/contacta\\\/#primaryimage\"},\"image\":{\"@id\":\"https:\\\/\\\/envoltaenergia.com\\\/es\\\/contacta\\\/#primaryimage\"},\"thumbnailUrl\":\"https:\\\/\\\/envoltaenergia.com\\\/wp-content\\\/uploads\\\/2023\\\/02\\\/cropped-LOGO.png\",\"datePublished\":\"2023-02-07T11:05:17+00:00\",\"dateModified\":\"2023-10-31T14:41:44+00:00\",\"description\":\"Contacto Ofrecemos soluciones llave en mano, de ingenier\u00eda, tr\u00e1mites de ayudas y financiaci\u00f3n, ejecuci\u00f3n, hasta el mantenimiento sin intermediarios. +34 \u2713\",\"breadcrumb\":{\"@id\":\"https:\\\/\\\/envoltaenergia.com\\\/es\\\/contacta\\\/#breadcrumb\"},\"inLanguage\":\"es\",\"potentialAction\":[{\"@type\":\"ReadAction\",\"target\":[\"https:\\\/\\\/envoltaenergia.com\\\/es\\\/contacta\\\/\"]}]},{\"@type\":\"ImageObject\",\"inLanguage\":\"es\",\"@id\":\"https:\\\/\\\/envoltaenergia.com\\\/es\\\/contacta\\\/#primaryimage\",\"url\":\"https:\\\/\\\/envoltaenergia.com\\\/wp-content\\\/uploads\\\/2023\\\/02\\\/cropped-LOGO.png\",\"contentUrl\":\"https:\\\/\\\/envoltaenergia.com\\\/wp-content\\\/uploads\\\/2023\\\/02\\\/cropped-LOGO.png\"},{\"@type\":\"BreadcrumbList\",\"@id\":\"https:\\\/\\\/envoltaenergia.com\\\/es\\\/contacta\\\/#breadcrumb\",\"itemListElement\":[{\"@type\":\"ListItem\",\"position\":1,\"name\":\"Portada\",\"item\":\"https:\\\/\\\/envoltaenergia.com\\\/es\\\/\"},{\"@type\":\"ListItem\",\"position\":2,\"name\":\"Contacta\"}]},{\"@type\":\"WebSite\",\"@id\":\"https:\\\/\\\/envoltaenergia.com\\\/#website\",\"url\":\"https:\\\/\\\/envoltaenergia.com\\\/\",\"name\":\"Envolta Energia\",\"description\":\"Consultor\u00eda e ingenier\u00eda en sostenibilidad customizada para empresas\",\"publisher\":{\"@id\":\"https:\\\/\\\/envoltaenergia.com\\\/#organization\"},\"alternateName\":\"Transici\u00f3n a un futuro mejor\",\"potentialAction\":[{\"@type\":\"SearchAction\",\"target\":{\"@type\":\"EntryPoint\",\"urlTemplate\":\"https:\\\/\\\/envoltaenergia.com\\\/?s={search_term_string}\"},\"query-input\":{\"@type\":\"PropertyValueSpecification\",\"valueRequired\":true,\"valueName\":\"search_term_string\"}}],\"inLanguage\":\"es\"},{\"@type\":\"Organization\",\"@id\":\"https:\\\/\\\/envoltaenergia.com\\\/#organization\",\"name\":\"Envolta Energia\",\"url\":\"https:\\\/\\\/envoltaenergia.com\\\/\",\"logo\":{\"@type\":\"ImageObject\",\"inLanguage\":\"es\",\"@id\":\"https:\\\/\\\/envoltaenergia.com\\\/#\\\/schema\\\/logo\\\/image\\\/\",\"url\":\"https:\\\/\\\/envoltaenergia.com\\\/wp-content\\\/uploads\\\/2023\\\/02\\\/cropped-LOGO.png\",\"contentUrl\":\"https:\\\/\\\/envoltaenergia.com\\\/wp-content\\\/uploads\\\/2023\\\/02\\\/cropped-LOGO.png\",\"width\":1015,\"height\":281,\"caption\":\"Envolta Energia\"},\"image\":{\"@id\":\"https:\\\/\\\/envoltaenergia.com\\\/#\\\/schema\\\/logo\\\/image\\\/\"}}]}<\/script>\n<!-- \/ Yoast SEO plugin. -->","yoast_head_json":{"title":"\u25b7 Contacta - \u3010Envolta\u3011","description":"Contacto Ofrecemos soluciones llave en mano, de ingenier\u00eda, tr\u00e1mites de ayudas y financiaci\u00f3n, ejecuci\u00f3n, hasta el mantenimiento sin intermediarios. +34 \u2713","robots":{"index":"index","follow":"follow","max-snippet":"max-snippet:-1","max-image-preview":"max-image-preview:large","max-video-preview":"max-video-preview:-1"},"canonical":"https:\/\/envoltaenergia.com\/es\/contacta\/","og_locale":"es_ES","og_type":"article","og_title":"\u25b7 Contacta - \u3010Envolta\u3011","og_description":"Contacto Ofrecemos soluciones llave en mano, de ingenier\u00eda, tr\u00e1mites de ayudas y financiaci\u00f3n, ejecuci\u00f3n, hasta el mantenimiento sin intermediarios. +34 \u2713","og_url":"https:\/\/envoltaenergia.com\/es\/contacta\/","og_site_name":"Envolta","article_modified_time":"2023-10-31T14:41:44+00:00","og_image":[{"url":"https:\/\/envoltaenergia.com\/wp-content\/uploads\/2023\/02\/cropped-LOGO.png","type":"","width":"","height":""}],"twitter_card":"summary_large_image","twitter_misc":{"Tiempo de lectura":"1 minuto"},"schema":{"@context":"https:\/\/schema.org","@graph":[{"@type":"WebPage","@id":"https:\/\/envoltaenergia.com\/es\/contacta\/","url":"https:\/\/envoltaenergia.com\/es\/contacta\/","name":"\u25b7 Contacta - \u3010Envolta\u3011","isPartOf":{"@id":"https:\/\/envoltaenergia.com\/#website"},"primaryImageOfPage":{"@id":"https:\/\/envoltaenergia.com\/es\/contacta\/#primaryimage"},"image":{"@id":"https:\/\/envoltaenergia.com\/es\/contacta\/#primaryimage"},"thumbnailUrl":"https:\/\/envoltaenergia.com\/wp-content\/uploads\/2023\/02\/cropped-LOGO.png","datePublished":"2023-02-07T11:05:17+00:00","dateModified":"2023-10-31T14:41:44+00:00","description":"Contacto Ofrecemos soluciones llave en mano, de ingenier\u00eda, tr\u00e1mites de ayudas y financiaci\u00f3n, ejecuci\u00f3n, hasta el mantenimiento sin intermediarios. +34 \u2713","breadcrumb":{"@id":"https:\/\/envoltaenergia.com\/es\/contacta\/#breadcrumb"},"inLanguage":"es","potentialAction":[{"@type":"ReadAction","target":["https:\/\/envoltaenergia.com\/es\/contacta\/"]}]},{"@type":"ImageObject","inLanguage":"es","@id":"https:\/\/envoltaenergia.com\/es\/contacta\/#primaryimage","url":"https:\/\/envoltaenergia.com\/wp-content\/uploads\/2023\/02\/cropped-LOGO.png","contentUrl":"https:\/\/envoltaenergia.com\/wp-content\/uploads\/2023\/02\/cropped-LOGO.png"},{"@type":"BreadcrumbList","@id":"https:\/\/envoltaenergia.com\/es\/contacta\/#breadcrumb","itemListElement":[{"@type":"ListItem","position":1,"name":"Portada","item":"https:\/\/envoltaenergia.com\/es\/"},{"@type":"ListItem","position":2,"name":"Contacta"}]},{"@type":"WebSite","@id":"https:\/\/envoltaenergia.com\/#website","url":"https:\/\/envoltaenergia.com\/","name":"Envolta Energia","description":"Consultor\u00eda e ingenier\u00eda en sostenibilidad customizada para empresas","publisher":{"@id":"https:\/\/envoltaenergia.com\/#organization"},"alternateName":"Transici\u00f3n a un futuro mejor","potentialAction":[{"@type":"SearchAction","target":{"@type":"EntryPoint","urlTemplate":"https:\/\/envoltaenergia.com\/?s={search_term_string}"},"query-input":{"@type":"PropertyValueSpecification","valueRequired":true,"valueName":"search_term_string"}}],"inLanguage":"es"},{"@type":"Organization","@id":"https:\/\/envoltaenergia.com\/#organization","name":"Envolta Energia","url":"https:\/\/envoltaenergia.com\/","logo":{"@type":"ImageObject","inLanguage":"es","@id":"https:\/\/envoltaenergia.com\/#\/schema\/logo\/image\/","url":"https:\/\/envoltaenergia.com\/wp-content\/uploads\/2023\/02\/cropped-LOGO.png","contentUrl":"https:\/\/envoltaenergia.com\/wp-content\/uploads\/2023\/02\/cropped-LOGO.png","width":1015,"height":281,"caption":"Envolta Energia"},"image":{"@id":"https:\/\/envoltaenergia.com\/#\/schema\/logo\/image\/"}}]}},"_links":{"self":[{"href":"https:\/\/envoltaenergia.com\/es\/wp-json\/wp\/v2\/pages\/155","targetHints":{"allow":["GET"]}}],"collection":[{"href":"https:\/\/envoltaenergia.com\/es\/wp-json\/wp\/v2\/pages"}],"about":[{"href":"https:\/\/envoltaenergia.com\/es\/wp-json\/wp\/v2\/types\/page"}],"author":[{"embeddable":true,"href":"https:\/\/envoltaenergia.com\/es\/wp-json\/wp\/v2\/users\/3"}],"replies":[{"embeddable":true,"href":"https:\/\/envoltaenergia.com\/es\/wp-json\/wp\/v2\/comments?post=155"}],"version-history":[{"count":2,"href":"https:\/\/envoltaenergia.com\/es\/wp-json\/wp\/v2\/pages\/155\/revisions"}],"predecessor-version":[{"id":8204,"href":"https:\/\/envoltaenergia.com\/es\/wp-json\/wp\/v2\/pages\/155\/revisions\/8204"}],"wp:attachment":[{"href":"https:\/\/envoltaenergia.com\/es\/wp-json\/wp\/v2\/media?parent=155"}],"curies":[{"name":"wp","href":"https:\/\/api.w.org\/{rel}","templated":true}]}}